{"id":6729,"date":"2021-04-16T13:30:23","date_gmt":"2021-04-16T11:30:23","guid":{"rendered":"https:\/\/www.decimas.com\/blog?page_id=6729"},"modified":"2021-04-16T13:30:23","modified_gmt":"2021-04-16T11:30:23","slug":"treinador-jose-segura-romero","status":"publish","type":"page","link":"https:\/\/www.decimas.com\/blog\/pt-pt\/treinador-jose-segura-romero\/","title":{"rendered":"Treinador Jose Segura Romero"},"content":{"rendered":"<p><img decoding=\"async\" class=\"alignnone size-medium wp-image-6636 aligncenter\" src=\"https:\/\/images.decimas.com\/uploads\/2021\/03\/jose.png?auto=format%2Ccompress&#038;fit=crop&#038;h=166&#038;ixlib=php-3.3.0&#038;w=250\" alt=\"\" srcset=\"https:\/\/images.decimas.com\/uploads\/2021\/03\/jose.png?auto=format%2Ccompress&amp;fit=crop&amp;h=166&amp;ixlib=php-3.3.0&amp;w=250 250w, https:\/\/images.decimas.com\/uploads\/2021\/03\/jose.png?auto=format%2Ccompress&amp;fit=crop&amp;h=465&amp;ixlib=php-3.3.0&amp;w=700 700w, https:\/\/images.decimas.com\/uploads\/2021\/03\/jose.png?auto=format%2Ccompress&amp;fit=crop&amp;h=511&amp;ixlib=php-3.3.0&amp;w=768 768w, https:\/\/images.decimas.com\/uploads\/2021\/03\/jose.png?auto=format%2Ccompress&amp;fit=crop&amp;h=80&amp;ixlib=php-3.3.0&amp;w=120 120w, https:\/\/images.decimas.com\/uploads\/2021\/03\/jose.png?auto=format%2Ccompress&amp;fit=crop&amp;h=60&amp;ixlib=php-3.3.0&amp;w=90 90w, https:\/\/images.decimas.com\/uploads\/2021\/03\/jose.png?auto=format%2Ccompress&amp;ixlib=php-3.3.0&amp;w=1080 1080w\" sizes=\"(max-width: 250px) 100vw, 250px\" data-recalc-dims=\"1\" \/><\/p>\n<div>\n<div style=\"text-align: center;\"><strong>Jose Segura Romero, treinador da academia iMoveGym<br \/>\n<\/strong><br \/>\nDiploma em Educa\u00e7\u00e3o F\u00edsica<br \/>\nBacharel em Ci\u00eancias da Atividade F\u00edsica e Desportos<br \/>\nMestre em Desempenho F\u00edsico e Deportivo<\/p>\n<\/div>\n<div>\n<div>\n<div style=\"text-align: center;\">Ceo da iMoveGym, centro de treinamento, fisioterapia e recupera\u00e7\u00e3o desportiva<br \/>\nCeo da Isoinercial , m\u00e1quinas de treinamento exc\u00eantrico<\/p>\n<\/div>\n<div>\n<div>\n<div style=\"text-align: center;\">Professor de treinadores e fisioterapeutas em Readapta\u00e7\u00e3o Excentrica e Keizer Espanha<\/p>\n<p style=\"text-align: center;\">&#8212;<\/p>\n<p style=\"text-align: center;\"><a href=\"https:\/\/www.instagram.com\/jose12893\" target=\"_blank\" rel=\"noopener noreferrer\">@jose12893<\/a> (Conta pessoal)<br \/>\n<a href=\"https:\/\/www.instagram.com\/imovegym.spain\" target=\"_blank\" rel=\"noopener noreferrer\">@imovegym.spain<\/a> (Centro de treinamento)<br \/>\n<a href=\"https:\/\/www.instagram.com\/isoinercial\" target=\"_blank\" rel=\"noopener noreferrer\">@isoinercial<\/a> (M\u00e1quinas de treinamento)<br \/>\n<a href=\"https:\/\/www.instagram.com\/readaptacionexcentrica\" target=\"_blank\" rel=\"noopener noreferrer\">@readaptacionexcentrica<\/a> (Cursos de forma\u00e7\u00e3o)<\/p>\n<p style=\"text-align: center;\"><a href=\"https:\/\/es.linkedin.com\/in\/jose-segura-romero-33249880\" target=\"_blank\" rel=\"noopener noreferrer\">LinkedIn<\/a><\/p>\n<p><img fetchpriority=\"high\" decoding=\"async\" class=\"alignnone size-medium wp-image-6454\" src=\"https:\/\/images.decimas.com\/uploads\/2021\/03\/jose-segura-4.jpg?auto=format%2Ccompress&#038;fit=crop&#038;h=250&#038;ixlib=php-3.3.0&#038;w=250\" alt=\"\" srcset=\"https:\/\/images.decimas.com\/uploads\/2021\/03\/jose-segura-4.jpg?auto=format%2Ccompress&amp;fit=crop&amp;h=250&amp;ixlib=php-3.3.0&amp;w=250 250w, https:\/\/images.decimas.com\/uploads\/2021\/03\/jose-segura-4.jpg?auto=format%2Ccompress&amp;fit=crop&amp;h=150&amp;ixlib=php-3.3.0&amp;w=150 150w, https:\/\/images.decimas.com\/uploads\/2021\/03\/jose-segura-4.jpg?auto=format%2Ccompress&amp;fit=crop&amp;h=768&amp;ixlib=php-3.3.0&amp;w=768 768w, https:\/\/images.decimas.com\/uploads\/2021\/03\/jose-segura-4.jpg?auto=format%2Ccompress&amp;fit=crop&amp;h=700&amp;ixlib=php-3.3.0&amp;w=700 700w, https:\/\/images.decimas.com\/uploads\/2021\/03\/jose-segura-4.jpg?auto=format%2Ccompress&amp;fit=crop&amp;h=120&amp;ixlib=php-3.3.0&amp;w=120 120w, https:\/\/images.decimas.com\/uploads\/2021\/03\/jose-segura-4.jpg?auto=format%2Ccompress&amp;fit=crop&amp;h=60&amp;ixlib=php-3.3.0&amp;w=60 60w\" sizes=\"(max-width: 250px) 100vw, 250px\" data-recalc-dims=\"1\" \/> \u00a0<img decoding=\"async\" class=\"alignnone size-medium wp-image-6457\" src=\"https:\/\/images.decimas.com\/uploads\/2021\/03\/Jose-sgura-2.jpg?auto=format%2Ccompress&#038;fit=crop&#038;h=250&#038;ixlib=php-3.3.0&#038;w=250\" alt=\"\" srcset=\"https:\/\/images.decimas.com\/uploads\/2021\/03\/Jose-sgura-2.jpg?auto=format%2Ccompress&amp;fit=crop&amp;h=250&amp;ixlib=php-3.3.0&amp;w=250 250w, https:\/\/images.decimas.com\/uploads\/2021\/03\/Jose-sgura-2.jpg?auto=format%2Ccompress&amp;fit=crop&amp;h=150&amp;ixlib=php-3.3.0&amp;w=150 150w, https:\/\/images.decimas.com\/uploads\/2021\/03\/Jose-sgura-2.jpg?auto=format%2Ccompress&amp;fit=crop&amp;h=120&amp;ixlib=php-3.3.0&amp;w=120 120w, https:\/\/images.decimas.com\/uploads\/2021\/03\/Jose-sgura-2.jpg?auto=format%2Ccompress&amp;fit=crop&amp;h=60&amp;ixlib=php-3.3.0&amp;w=60 60w, https:\/\/images.decimas.com\/uploads\/2021\/03\/Jose-sgura-2.jpg?auto=format%2Ccompress&amp;ixlib=php-3.3.0&amp;w=540 540w\" sizes=\"(max-width: 250px) 100vw, 250px\" data-recalc-dims=\"1\" \/><\/p>\n<\/div>\n<\/div>\n<\/div>\n<\/div>\n<\/div>\n<\/div>\n","protected":false},"excerpt":{"rendered":"<p>Jose Segura Romero, treinador da academia iMoveGym Diploma em Educa\u00e7\u00e3o F\u00edsica Bacharel em Ci\u00eancias da Atividade F\u00edsica e Desportos Mestre em Desempenho F\u00edsico e Deportivo Ceo da iMoveGym, centro de treinamento, fisioterapia e recupera\u00e7\u00e3o desportiva Ceo da Isoinercial , m\u00e1quinas de treinamento exc\u00eantrico Professor de treinadores e fisioterapeutas em Readapta\u00e7\u00e3o Excentrica e Keizer Espanha &#8212; [&hellip;]<\/p>\n","protected":false},"author":6,"featured_media":6636,"parent":0,"menu_order":0,"comment_status":"closed","ping_status":"closed","template":"","meta":{"footnotes":""},"class_list":["post-6729","page","type-page","status-publish","has-post-thumbnail","hentry"],"yoast_head":"<!-- This site is optimized with the Yoast SEO Premium plugin v23.6 (Yoast SEO v27.2) - https:\/\/yoast.com\/product\/yoast-seo-premium-wordpress\/ -->\n<title>Treinador Jose Segura | IMoveGym<\/title>\n<meta name=\"description\" content=\"Colaborador da Decimas, especialista em Actividade F\u00edsica e Desporto, professor de formadores e fisioterapeutas.\" \/>\n<meta name=\"robots\" content=\"index, follow, max-snippet:-1, max-image-preview:large, max-video-preview:-1\" \/>\n<link rel=\"canonical\" href=\"https:\/\/www.decimas.com\/blog\/pt-pt\/treinador-jose-segura-romero\/\" \/>\n<meta property=\"og:locale\" content=\"pt_PT\" \/>\n<meta property=\"og:type\" content=\"article\" \/>\n<meta property=\"og:title\" content=\"Treinador Jose Segura Romero\" \/>\n<meta property=\"og:description\" content=\"Colaborador da Decimas, especialista em Actividade F\u00edsica e Desporto, professor de formadores e fisioterapeutas.\" \/>\n<meta property=\"og:url\" content=\"https:\/\/www.decimas.com\/blog\/pt-pt\/treinador-jose-segura-romero\/\" \/>\n<meta property=\"og:site_name\" content=\"Blog D\u00e9cimas\" \/>\n<meta property=\"article:publisher\" content=\"https:\/\/m.facebook.com\/DecimasOficial\" \/>\n<meta property=\"og:image\" content=\"https:\/\/images.decimas.com\/uploads\/2021\/03\/jose.png?auto=format%2Ccompress&ixlib=php-3.3.0\" \/>\n\t<meta property=\"og:image:width\" content=\"1080\" \/>\n\t<meta property=\"og:image:height\" content=\"718\" \/>\n\t<meta property=\"og:image:type\" content=\"image\/png\" \/>\n<meta name=\"twitter:card\" content=\"summary_large_image\" \/>\n<meta name=\"twitter:site\" content=\"@decimasoficial\" \/>\n<script type=\"application\/ld+json\" class=\"yoast-schema-graph\">{\"@context\":\"https:\/\/schema.org\",\"@graph\":[{\"@type\":\"WebPage\",\"@id\":\"https:\/\/www.decimas.com\/blog\/pt-pt\/treinador-jose-segura-romero\/\",\"url\":\"https:\/\/www.decimas.com\/blog\/pt-pt\/treinador-jose-segura-romero\/\",\"name\":\"Treinador Jose Segura | IMoveGym\",\"isPartOf\":{\"@id\":\"https:\/\/www.decimas.com\/blog\/pt-pt\/#website\"},\"primaryImageOfPage\":{\"@id\":\"https:\/\/www.decimas.com\/blog\/pt-pt\/treinador-jose-segura-romero\/#primaryimage\"},\"image\":{\"@id\":\"https:\/\/www.decimas.com\/blog\/pt-pt\/treinador-jose-segura-romero\/#primaryimage\"},\"thumbnailUrl\":\"https:\/\/images.decimas.com\/uploads\/2021\/03\/jose.png?auto=format%2Ccompress&ixlib=php-3.3.0\",\"datePublished\":\"2021-04-16T11:30:23+00:00\",\"description\":\"Colaborador da Decimas, especialista em Actividade F\u00edsica e Desporto, professor de formadores e fisioterapeutas.\",\"breadcrumb\":{\"@id\":\"https:\/\/www.decimas.com\/blog\/pt-pt\/treinador-jose-segura-romero\/#breadcrumb\"},\"inLanguage\":\"pt-PT\",\"potentialAction\":[{\"@type\":\"ReadAction\",\"target\":[\"https:\/\/www.decimas.com\/blog\/pt-pt\/treinador-jose-segura-romero\/\"]}]},{\"@type\":\"ImageObject\",\"inLanguage\":\"pt-PT\",\"@id\":\"https:\/\/www.decimas.com\/blog\/pt-pt\/treinador-jose-segura-romero\/#primaryimage\",\"url\":\"https:\/\/images.decimas.com\/uploads\/2021\/03\/jose.png?auto=format%2Ccompress&ixlib=php-3.3.0\",\"contentUrl\":\"https:\/\/images.decimas.com\/uploads\/2021\/03\/jose.png?auto=format%2Ccompress&ixlib=php-3.3.0\",\"width\":1080,\"height\":718},{\"@type\":\"BreadcrumbList\",\"@id\":\"https:\/\/www.decimas.com\/blog\/pt-pt\/treinador-jose-segura-romero\/#breadcrumb\",\"itemListElement\":[{\"@type\":\"ListItem\",\"position\":1,\"name\":\"Blog\",\"item\":\"https:\/\/www.decimas.com\/blog\/pt-pt\/home\/\"},{\"@type\":\"ListItem\",\"position\":2,\"name\":\"Treinador Jose Segura Romero\"}]},{\"@type\":\"WebSite\",\"@id\":\"https:\/\/www.decimas.com\/blog\/pt-pt\/#website\",\"url\":\"https:\/\/www.decimas.com\/blog\/pt-pt\/\",\"name\":\"Blog de fitness y moda deportiva D\u00e9cimas\",\"description\":\"Blog de fitness y moda deportiva de D\u00e9cimas\",\"publisher\":{\"@id\":\"https:\/\/www.decimas.com\/blog\/pt-pt\/#organization\"},\"alternateName\":\"Blog de fitness y moda deportiva D\u00e9cimas\",\"potentialAction\":[{\"@type\":\"SearchAction\",\"target\":{\"@type\":\"EntryPoint\",\"urlTemplate\":\"https:\/\/www.decimas.com\/blog\/pt-pt\/?s={search_term_string}\"},\"query-input\":{\"@type\":\"PropertyValueSpecification\",\"valueRequired\":true,\"valueName\":\"search_term_string\"}}],\"inLanguage\":\"pt-PT\"},{\"@type\":\"Organization\",\"@id\":\"https:\/\/www.decimas.com\/blog\/pt-pt\/#organization\",\"name\":\"Blog de fitness y moda deportiva D\u00e9cimas\",\"alternateName\":\"Blog de fitness y moda deportiva D\u00e9cimas\",\"url\":\"https:\/\/www.decimas.com\/blog\/pt-pt\/\",\"logo\":{\"@type\":\"ImageObject\",\"inLanguage\":\"pt-PT\",\"@id\":\"https:\/\/www.decimas.com\/blog\/pt-pt\/#\/schema\/logo\/image\/\",\"url\":\"https:\/\/images.decimas.com\/uploads\/2019\/03\/decimaslogo.png?auto=format%2Ccompress&ixlib=php-3.3.0\",\"contentUrl\":\"https:\/\/images.decimas.com\/uploads\/2019\/03\/decimaslogo.png?auto=format%2Ccompress&ixlib=php-3.3.0\",\"width\":178,\"height\":49,\"caption\":\"Blog de fitness y moda deportiva D\u00e9cimas\"},\"image\":{\"@id\":\"https:\/\/www.decimas.com\/blog\/pt-pt\/#\/schema\/logo\/image\/\"},\"sameAs\":[\"https:\/\/m.facebook.com\/DecimasOficial\",\"https:\/\/x.com\/decimasoficial\",\"https:\/\/www.instagram.com\/decimas_es\/\"]}]}<\/script>\n<!-- \/ Yoast SEO Premium plugin. -->","yoast_head_json":{"title":"Treinador Jose Segura | IMoveGym","description":"Colaborador da Decimas, especialista em Actividade F\u00edsica e Desporto, professor de formadores e fisioterapeutas.","robots":{"index":"index","follow":"follow","max-snippet":"max-snippet:-1","max-image-preview":"max-image-preview:large","max-video-preview":"max-video-preview:-1"},"canonical":"https:\/\/www.decimas.com\/blog\/pt-pt\/treinador-jose-segura-romero\/","og_locale":"pt_PT","og_type":"article","og_title":"Treinador Jose Segura Romero","og_description":"Colaborador da Decimas, especialista em Actividade F\u00edsica e Desporto, professor de formadores e fisioterapeutas.","og_url":"https:\/\/www.decimas.com\/blog\/pt-pt\/treinador-jose-segura-romero\/","og_site_name":"Blog D\u00e9cimas","article_publisher":"https:\/\/m.facebook.com\/DecimasOficial","og_image":[{"width":1080,"height":718,"url":"https:\/\/images.decimas.com\/uploads\/2021\/03\/jose.png?auto=format%2Ccompress&ixlib=php-3.3.0","type":"image\/png"}],"twitter_card":"summary_large_image","twitter_site":"@decimasoficial","schema":{"@context":"https:\/\/schema.org","@graph":[{"@type":"WebPage","@id":"https:\/\/www.decimas.com\/blog\/pt-pt\/treinador-jose-segura-romero\/","url":"https:\/\/www.decimas.com\/blog\/pt-pt\/treinador-jose-segura-romero\/","name":"Treinador Jose Segura | IMoveGym","isPartOf":{"@id":"https:\/\/www.decimas.com\/blog\/pt-pt\/#website"},"primaryImageOfPage":{"@id":"https:\/\/www.decimas.com\/blog\/pt-pt\/treinador-jose-segura-romero\/#primaryimage"},"image":{"@id":"https:\/\/www.decimas.com\/blog\/pt-pt\/treinador-jose-segura-romero\/#primaryimage"},"thumbnailUrl":"https:\/\/images.decimas.com\/uploads\/2021\/03\/jose.png?auto=format%2Ccompress&ixlib=php-3.3.0","datePublished":"2021-04-16T11:30:23+00:00","description":"Colaborador da Decimas, especialista em Actividade F\u00edsica e Desporto, professor de formadores e fisioterapeutas.","breadcrumb":{"@id":"https:\/\/www.decimas.com\/blog\/pt-pt\/treinador-jose-segura-romero\/#breadcrumb"},"inLanguage":"pt-PT","potentialAction":[{"@type":"ReadAction","target":["https:\/\/www.decimas.com\/blog\/pt-pt\/treinador-jose-segura-romero\/"]}]},{"@type":"ImageObject","inLanguage":"pt-PT","@id":"https:\/\/www.decimas.com\/blog\/pt-pt\/treinador-jose-segura-romero\/#primaryimage","url":"https:\/\/images.decimas.com\/uploads\/2021\/03\/jose.png?auto=format%2Ccompress&ixlib=php-3.3.0","contentUrl":"https:\/\/images.decimas.com\/uploads\/2021\/03\/jose.png?auto=format%2Ccompress&ixlib=php-3.3.0","width":1080,"height":718},{"@type":"BreadcrumbList","@id":"https:\/\/www.decimas.com\/blog\/pt-pt\/treinador-jose-segura-romero\/#breadcrumb","itemListElement":[{"@type":"ListItem","position":1,"name":"Blog","item":"https:\/\/www.decimas.com\/blog\/pt-pt\/home\/"},{"@type":"ListItem","position":2,"name":"Treinador Jose Segura Romero"}]},{"@type":"WebSite","@id":"https:\/\/www.decimas.com\/blog\/pt-pt\/#website","url":"https:\/\/www.decimas.com\/blog\/pt-pt\/","name":"Blog de fitness y moda deportiva D\u00e9cimas","description":"Blog de fitness y moda deportiva de D\u00e9cimas","publisher":{"@id":"https:\/\/www.decimas.com\/blog\/pt-pt\/#organization"},"alternateName":"Blog de fitness y moda deportiva D\u00e9cimas","potentialAction":[{"@type":"SearchAction","target":{"@type":"EntryPoint","urlTemplate":"https:\/\/www.decimas.com\/blog\/pt-pt\/?s={search_term_string}"},"query-input":{"@type":"PropertyValueSpecification","valueRequired":true,"valueName":"search_term_string"}}],"inLanguage":"pt-PT"},{"@type":"Organization","@id":"https:\/\/www.decimas.com\/blog\/pt-pt\/#organization","name":"Blog de fitness y moda deportiva D\u00e9cimas","alternateName":"Blog de fitness y moda deportiva D\u00e9cimas","url":"https:\/\/www.decimas.com\/blog\/pt-pt\/","logo":{"@type":"ImageObject","inLanguage":"pt-PT","@id":"https:\/\/www.decimas.com\/blog\/pt-pt\/#\/schema\/logo\/image\/","url":"https:\/\/images.decimas.com\/uploads\/2019\/03\/decimaslogo.png?auto=format%2Ccompress&ixlib=php-3.3.0","contentUrl":"https:\/\/images.decimas.com\/uploads\/2019\/03\/decimaslogo.png?auto=format%2Ccompress&ixlib=php-3.3.0","width":178,"height":49,"caption":"Blog de fitness y moda deportiva D\u00e9cimas"},"image":{"@id":"https:\/\/www.decimas.com\/blog\/pt-pt\/#\/schema\/logo\/image\/"},"sameAs":["https:\/\/m.facebook.com\/DecimasOficial","https:\/\/x.com\/decimasoficial","https:\/\/www.instagram.com\/decimas_es\/"]}]}},"_links":{"self":[{"href":"https:\/\/www.decimas.com\/blog\/pt-pt\/wp-json\/wp\/v2\/pages\/6729","targetHints":{"allow":["GET"]}}],"collection":[{"href":"https:\/\/www.decimas.com\/blog\/pt-pt\/wp-json\/wp\/v2\/pages"}],"about":[{"href":"https:\/\/www.decimas.com\/blog\/pt-pt\/wp-json\/wp\/v2\/types\/page"}],"author":[{"embeddable":true,"href":"https:\/\/www.decimas.com\/blog\/pt-pt\/wp-json\/wp\/v2\/users\/6"}],"replies":[{"embeddable":true,"href":"https:\/\/www.decimas.com\/blog\/pt-pt\/wp-json\/wp\/v2\/comments?post=6729"}],"version-history":[{"count":2,"href":"https:\/\/www.decimas.com\/blog\/pt-pt\/wp-json\/wp\/v2\/pages\/6729\/revisions"}],"predecessor-version":[{"id":6731,"href":"https:\/\/www.decimas.com\/blog\/pt-pt\/wp-json\/wp\/v2\/pages\/6729\/revisions\/6731"}],"wp:featuredmedia":[{"embeddable":true,"href":"https:\/\/www.decimas.com\/blog\/pt-pt\/wp-json\/wp\/v2\/media\/6636"}],"wp:attachment":[{"href":"https:\/\/www.decimas.com\/blog\/pt-pt\/wp-json\/wp\/v2\/media?parent=6729"}],"curies":[{"name":"wp","href":"https:\/\/api.w.org\/{rel}","templated":true}]}}