{"id":6724,"date":"2021-04-16T13:23:32","date_gmt":"2021-04-16T11:23:32","guid":{"rendered":"https:\/\/www.decimas.com\/blog?page_id=6724"},"modified":"2021-04-16T13:24:05","modified_gmt":"2021-04-16T11:24:05","slug":"entraineur-jose-segura-romero","status":"publish","type":"page","link":"https:\/\/www.decimas.com\/blog\/fr\/entraineur-jose-segura-romero\/","title":{"rendered":"Entra\u00eeneur Jose Segura Romero"},"content":{"rendered":"<div style=\"text-align: center;\"><img decoding=\"async\" class=\"alignnone size-medium wp-image-6634\" src=\"https:\/\/images.decimas.com\/uploads\/2021\/03\/jose.png?auto=format%2Ccompress&#038;fit=crop&#038;h=166&#038;ixlib=php-3.3.0&#038;w=250\" alt=\"\" srcset=\"https:\/\/images.decimas.com\/uploads\/2021\/03\/jose.png?auto=format%2Ccompress&amp;fit=crop&amp;h=166&amp;ixlib=php-3.3.0&amp;w=250 250w, https:\/\/images.decimas.com\/uploads\/2021\/03\/jose.png?auto=format%2Ccompress&amp;fit=crop&amp;h=465&amp;ixlib=php-3.3.0&amp;w=700 700w, https:\/\/images.decimas.com\/uploads\/2021\/03\/jose.png?auto=format%2Ccompress&amp;fit=crop&amp;h=511&amp;ixlib=php-3.3.0&amp;w=768 768w, https:\/\/images.decimas.com\/uploads\/2021\/03\/jose.png?auto=format%2Ccompress&amp;fit=crop&amp;h=80&amp;ixlib=php-3.3.0&amp;w=120 120w, https:\/\/images.decimas.com\/uploads\/2021\/03\/jose.png?auto=format%2Ccompress&amp;fit=crop&amp;h=60&amp;ixlib=php-3.3.0&amp;w=90 90w, https:\/\/images.decimas.com\/uploads\/2021\/03\/jose.png?auto=format%2Ccompress&amp;ixlib=php-3.3.0&amp;w=1080 1080w\" sizes=\"(max-width: 250px) 100vw, 250px\" data-recalc-dims=\"1\" \/><br \/>\n<strong>Jose Segura, entra\u00eeneur IMoveGym Gym<br \/>\n<\/strong><br \/>\nDipl\u00f4me en \u00e9ducation physique Dipl\u00f4me en sciences de l&rsquo;activit\u00e9 physique et du sport<br \/>\nMaster en performance physique et sportive<\/div>\n<div>\n<div>\n<div style=\"text-align: center;\">PDG d&rsquo;iMoveGym, centre de formation, kin\u00e9sith\u00e9rapie et r\u00e9cup\u00e9ration sportive<br \/>\nPDG d&rsquo;isoinercial, machines d&rsquo;entra\u00eenement excentriques<\/div>\n<div>\n<div>\n<div style=\"text-align: center;\">\n<p>Professeur de formateurs et kin\u00e9sith\u00e9rapeutes en r\u00e9adaptation excentrique et Keizer Espagne<\/p>\n<p style=\"text-align: center;\"><a href=\"https:\/\/www.instagram.com\/jose12893\" target=\"_blank\" rel=\"noopener noreferrer\">@jose12893<\/a> (Compte personnel)<br \/>\n<a href=\"https:\/\/www.instagram.com\/imovegym.spain\" target=\"_blank\" rel=\"noopener noreferrer\">@imovegym.spain<\/a> (Centre d&rsquo;entra\u00eenement)<br \/>\n<a href=\"https:\/\/www.instagram.com\/isoinercial\" target=\"_blank\" rel=\"noopener noreferrer\">@isoinercial<\/a> (Machines d&rsquo;entra\u00eenement)<br \/>\n<a href=\"https:\/\/www.instagram.com\/readaptacionexcentrica\" target=\"_blank\" rel=\"noopener noreferrer\">@readaptacionexcentrica<\/a> (Cours de formation)<\/p>\n<p style=\"text-align: center;\"><a href=\"https:\/\/es.linkedin.com\/in\/jose-segura-romero-33249880\" target=\"_blank\" rel=\"noopener noreferrer\">LinkedIn<\/a><\/p>\n<p><img fetchpriority=\"high\" decoding=\"async\" class=\"alignnone size-medium wp-image-6452\" src=\"https:\/\/images.decimas.com\/uploads\/2021\/03\/jose-segura-4.jpg?auto=format%2Ccompress&#038;fit=crop&#038;h=250&#038;ixlib=php-3.3.0&#038;w=250\" alt=\"\" srcset=\"https:\/\/images.decimas.com\/uploads\/2021\/03\/jose-segura-4.jpg?auto=format%2Ccompress&amp;fit=crop&amp;h=250&amp;ixlib=php-3.3.0&amp;w=250 250w, https:\/\/images.decimas.com\/uploads\/2021\/03\/jose-segura-4.jpg?auto=format%2Ccompress&amp;fit=crop&amp;h=150&amp;ixlib=php-3.3.0&amp;w=150 150w, https:\/\/images.decimas.com\/uploads\/2021\/03\/jose-segura-4.jpg?auto=format%2Ccompress&amp;fit=crop&amp;h=768&amp;ixlib=php-3.3.0&amp;w=768 768w, https:\/\/images.decimas.com\/uploads\/2021\/03\/jose-segura-4.jpg?auto=format%2Ccompress&amp;fit=crop&amp;h=700&amp;ixlib=php-3.3.0&amp;w=700 700w, https:\/\/images.decimas.com\/uploads\/2021\/03\/jose-segura-4.jpg?auto=format%2Ccompress&amp;fit=crop&amp;h=120&amp;ixlib=php-3.3.0&amp;w=120 120w, https:\/\/images.decimas.com\/uploads\/2021\/03\/jose-segura-4.jpg?auto=format%2Ccompress&amp;fit=crop&amp;h=60&amp;ixlib=php-3.3.0&amp;w=60 60w\" sizes=\"(max-width: 250px) 100vw, 250px\" data-recalc-dims=\"1\" \/>\u00a0 \u00a0<img decoding=\"async\" class=\"alignnone size-medium wp-image-6455\" src=\"https:\/\/images.decimas.com\/uploads\/2021\/03\/Jose-sgura-2.jpg?auto=format%2Ccompress&#038;fit=crop&#038;h=250&#038;ixlib=php-3.3.0&#038;w=250\" alt=\"\" srcset=\"https:\/\/images.decimas.com\/uploads\/2021\/03\/Jose-sgura-2.jpg?auto=format%2Ccompress&amp;fit=crop&amp;h=250&amp;ixlib=php-3.3.0&amp;w=250 250w, https:\/\/images.decimas.com\/uploads\/2021\/03\/Jose-sgura-2.jpg?auto=format%2Ccompress&amp;fit=crop&amp;h=150&amp;ixlib=php-3.3.0&amp;w=150 150w, https:\/\/images.decimas.com\/uploads\/2021\/03\/Jose-sgura-2.jpg?auto=format%2Ccompress&amp;fit=crop&amp;h=120&amp;ixlib=php-3.3.0&amp;w=120 120w, https:\/\/images.decimas.com\/uploads\/2021\/03\/Jose-sgura-2.jpg?auto=format%2Ccompress&amp;fit=crop&amp;h=60&amp;ixlib=php-3.3.0&amp;w=60 60w, https:\/\/images.decimas.com\/uploads\/2021\/03\/Jose-sgura-2.jpg?auto=format%2Ccompress&amp;ixlib=php-3.3.0&amp;w=540 540w\" sizes=\"(max-width: 250px) 100vw, 250px\" data-recalc-dims=\"1\" \/><\/p>\n<\/div>\n<\/div>\n<\/div>\n<\/div>\n<\/div>\n","protected":false},"excerpt":{"rendered":"<p>Jose Segura, entra\u00eeneur IMoveGym Gym Dipl\u00f4me en \u00e9ducation physique Dipl\u00f4me en sciences de l&rsquo;activit\u00e9 physique et du sport Master en performance physique et sportive PDG d&rsquo;iMoveGym, centre de formation, kin\u00e9sith\u00e9rapie et r\u00e9cup\u00e9ration sportive PDG d&rsquo;isoinercial, machines d&rsquo;entra\u00eenement excentriques Professeur de formateurs et kin\u00e9sith\u00e9rapeutes en r\u00e9adaptation excentrique et Keizer Espagne @jose12893 (Compte personnel) @imovegym.spain (Centre d&rsquo;entra\u00eenement) [&hellip;]<\/p>\n","protected":false},"author":6,"featured_media":6634,"parent":0,"menu_order":0,"comment_status":"closed","ping_status":"closed","template":"","meta":{"footnotes":""},"class_list":["post-6724","page","type-page","status-publish","has-post-thumbnail","hentry"],"yoast_head":"<!-- This site is optimized with the Yoast SEO Premium plugin v23.6 (Yoast SEO v27.2) - https:\/\/yoast.com\/product\/yoast-seo-premium-wordpress\/ -->\n<title>entra\u00eeneur Jose Segura | IMoveGym<\/title>\n<meta name=\"description\" content=\"Collaborateur de Decimas, sp\u00e9cialiste de l&#039;activit\u00e9 physique et du sport et enseignant des coachs et kin\u00e9sith\u00e9rapeutes.\" \/>\n<meta name=\"robots\" content=\"index, follow, max-snippet:-1, max-image-preview:large, max-video-preview:-1\" \/>\n<link rel=\"canonical\" href=\"https:\/\/www.decimas.com\/blog\/fr\/entraineur-jose-segura-romero\/\" \/>\n<meta property=\"og:locale\" content=\"fr_FR\" \/>\n<meta property=\"og:type\" content=\"article\" \/>\n<meta property=\"og:title\" content=\"Entra\u00eeneur Jose Segura Romero\" \/>\n<meta property=\"og:description\" content=\"Collaborateur de Decimas, sp\u00e9cialiste de l&#039;activit\u00e9 physique et du sport et enseignant des coachs et kin\u00e9sith\u00e9rapeutes.\" \/>\n<meta property=\"og:url\" content=\"https:\/\/www.decimas.com\/blog\/fr\/entraineur-jose-segura-romero\/\" \/>\n<meta property=\"og:site_name\" content=\"Blog D\u00e9cimas\" \/>\n<meta property=\"article:publisher\" content=\"https:\/\/m.facebook.com\/DecimasOficial\" \/>\n<meta property=\"article:modified_time\" content=\"2021-04-16T11:24:05+00:00\" \/>\n<meta property=\"og:image\" content=\"https:\/\/images.decimas.com\/uploads\/2021\/03\/jose.png?auto=format%2Ccompress&ixlib=php-3.3.0\" \/>\n\t<meta property=\"og:image:width\" content=\"1080\" \/>\n\t<meta property=\"og:image:height\" content=\"718\" \/>\n\t<meta property=\"og:image:type\" content=\"image\/png\" \/>\n<meta name=\"twitter:card\" content=\"summary_large_image\" \/>\n<meta name=\"twitter:site\" content=\"@decimasoficial\" \/>\n<script type=\"application\/ld+json\" class=\"yoast-schema-graph\">{\"@context\":\"https:\/\/schema.org\",\"@graph\":[{\"@type\":\"WebPage\",\"@id\":\"https:\/\/www.decimas.com\/blog\/fr\/entraineur-jose-segura-romero\/\",\"url\":\"https:\/\/www.decimas.com\/blog\/fr\/entraineur-jose-segura-romero\/\",\"name\":\"entra\u00eeneur Jose Segura | IMoveGym\",\"isPartOf\":{\"@id\":\"https:\/\/www.decimas.com\/blog\/fr\/#website\"},\"primaryImageOfPage\":{\"@id\":\"https:\/\/www.decimas.com\/blog\/fr\/entraineur-jose-segura-romero\/#primaryimage\"},\"image\":{\"@id\":\"https:\/\/www.decimas.com\/blog\/fr\/entraineur-jose-segura-romero\/#primaryimage\"},\"thumbnailUrl\":\"https:\/\/images.decimas.com\/uploads\/2021\/03\/jose.png?auto=format%2Ccompress&ixlib=php-3.3.0\",\"datePublished\":\"2021-04-16T11:23:32+00:00\",\"dateModified\":\"2021-04-16T11:24:05+00:00\",\"description\":\"Collaborateur de Decimas, sp\u00e9cialiste de l'activit\u00e9 physique et du sport et enseignant des coachs et kin\u00e9sith\u00e9rapeutes.\",\"breadcrumb\":{\"@id\":\"https:\/\/www.decimas.com\/blog\/fr\/entraineur-jose-segura-romero\/#breadcrumb\"},\"inLanguage\":\"fr-FR\",\"potentialAction\":[{\"@type\":\"ReadAction\",\"target\":[\"https:\/\/www.decimas.com\/blog\/fr\/entraineur-jose-segura-romero\/\"]}]},{\"@type\":\"ImageObject\",\"inLanguage\":\"fr-FR\",\"@id\":\"https:\/\/www.decimas.com\/blog\/fr\/entraineur-jose-segura-romero\/#primaryimage\",\"url\":\"https:\/\/images.decimas.com\/uploads\/2021\/03\/jose.png?auto=format%2Ccompress&ixlib=php-3.3.0\",\"contentUrl\":\"https:\/\/images.decimas.com\/uploads\/2021\/03\/jose.png?auto=format%2Ccompress&ixlib=php-3.3.0\",\"width\":1080,\"height\":718},{\"@type\":\"BreadcrumbList\",\"@id\":\"https:\/\/www.decimas.com\/blog\/fr\/entraineur-jose-segura-romero\/#breadcrumb\",\"itemListElement\":[{\"@type\":\"ListItem\",\"position\":1,\"name\":\"Blog\",\"item\":\"https:\/\/www.decimas.com\/blog\/fr\/home\/\"},{\"@type\":\"ListItem\",\"position\":2,\"name\":\"Entra\u00eeneur Jose Segura Romero\"}]},{\"@type\":\"WebSite\",\"@id\":\"https:\/\/www.decimas.com\/blog\/fr\/#website\",\"url\":\"https:\/\/www.decimas.com\/blog\/fr\/\",\"name\":\"Blog de fitness y moda deportiva D\u00e9cimas\",\"description\":\"Blog de fitness y moda deportiva de D\u00e9cimas\",\"publisher\":{\"@id\":\"https:\/\/www.decimas.com\/blog\/fr\/#organization\"},\"alternateName\":\"Blog de fitness y moda deportiva D\u00e9cimas\",\"potentialAction\":[{\"@type\":\"SearchAction\",\"target\":{\"@type\":\"EntryPoint\",\"urlTemplate\":\"https:\/\/www.decimas.com\/blog\/fr\/?s={search_term_string}\"},\"query-input\":{\"@type\":\"PropertyValueSpecification\",\"valueRequired\":true,\"valueName\":\"search_term_string\"}}],\"inLanguage\":\"fr-FR\"},{\"@type\":\"Organization\",\"@id\":\"https:\/\/www.decimas.com\/blog\/fr\/#organization\",\"name\":\"Blog de fitness y moda deportiva D\u00e9cimas\",\"alternateName\":\"Blog de fitness y moda deportiva D\u00e9cimas\",\"url\":\"https:\/\/www.decimas.com\/blog\/fr\/\",\"logo\":{\"@type\":\"ImageObject\",\"inLanguage\":\"fr-FR\",\"@id\":\"https:\/\/www.decimas.com\/blog\/fr\/#\/schema\/logo\/image\/\",\"url\":\"https:\/\/images.decimas.com\/uploads\/2019\/03\/decimaslogo.png?auto=format%2Ccompress&ixlib=php-3.3.0\",\"contentUrl\":\"https:\/\/images.decimas.com\/uploads\/2019\/03\/decimaslogo.png?auto=format%2Ccompress&ixlib=php-3.3.0\",\"width\":178,\"height\":49,\"caption\":\"Blog de fitness y moda deportiva D\u00e9cimas\"},\"image\":{\"@id\":\"https:\/\/www.decimas.com\/blog\/fr\/#\/schema\/logo\/image\/\"},\"sameAs\":[\"https:\/\/m.facebook.com\/DecimasOficial\",\"https:\/\/x.com\/decimasoficial\",\"https:\/\/www.instagram.com\/decimas_es\/\"]}]}<\/script>\n<!-- \/ Yoast SEO Premium plugin. -->","yoast_head_json":{"title":"entra\u00eeneur Jose Segura | IMoveGym","description":"Collaborateur de Decimas, sp\u00e9cialiste de l'activit\u00e9 physique et du sport et enseignant des coachs et kin\u00e9sith\u00e9rapeutes.","robots":{"index":"index","follow":"follow","max-snippet":"max-snippet:-1","max-image-preview":"max-image-preview:large","max-video-preview":"max-video-preview:-1"},"canonical":"https:\/\/www.decimas.com\/blog\/fr\/entraineur-jose-segura-romero\/","og_locale":"fr_FR","og_type":"article","og_title":"Entra\u00eeneur Jose Segura Romero","og_description":"Collaborateur de Decimas, sp\u00e9cialiste de l'activit\u00e9 physique et du sport et enseignant des coachs et kin\u00e9sith\u00e9rapeutes.","og_url":"https:\/\/www.decimas.com\/blog\/fr\/entraineur-jose-segura-romero\/","og_site_name":"Blog D\u00e9cimas","article_publisher":"https:\/\/m.facebook.com\/DecimasOficial","article_modified_time":"2021-04-16T11:24:05+00:00","og_image":[{"width":1080,"height":718,"url":"https:\/\/images.decimas.com\/uploads\/2021\/03\/jose.png?auto=format%2Ccompress&ixlib=php-3.3.0","type":"image\/png"}],"twitter_card":"summary_large_image","twitter_site":"@decimasoficial","schema":{"@context":"https:\/\/schema.org","@graph":[{"@type":"WebPage","@id":"https:\/\/www.decimas.com\/blog\/fr\/entraineur-jose-segura-romero\/","url":"https:\/\/www.decimas.com\/blog\/fr\/entraineur-jose-segura-romero\/","name":"entra\u00eeneur Jose Segura | IMoveGym","isPartOf":{"@id":"https:\/\/www.decimas.com\/blog\/fr\/#website"},"primaryImageOfPage":{"@id":"https:\/\/www.decimas.com\/blog\/fr\/entraineur-jose-segura-romero\/#primaryimage"},"image":{"@id":"https:\/\/www.decimas.com\/blog\/fr\/entraineur-jose-segura-romero\/#primaryimage"},"thumbnailUrl":"https:\/\/images.decimas.com\/uploads\/2021\/03\/jose.png?auto=format%2Ccompress&ixlib=php-3.3.0","datePublished":"2021-04-16T11:23:32+00:00","dateModified":"2021-04-16T11:24:05+00:00","description":"Collaborateur de Decimas, sp\u00e9cialiste de l'activit\u00e9 physique et du sport et enseignant des coachs et kin\u00e9sith\u00e9rapeutes.","breadcrumb":{"@id":"https:\/\/www.decimas.com\/blog\/fr\/entraineur-jose-segura-romero\/#breadcrumb"},"inLanguage":"fr-FR","potentialAction":[{"@type":"ReadAction","target":["https:\/\/www.decimas.com\/blog\/fr\/entraineur-jose-segura-romero\/"]}]},{"@type":"ImageObject","inLanguage":"fr-FR","@id":"https:\/\/www.decimas.com\/blog\/fr\/entraineur-jose-segura-romero\/#primaryimage","url":"https:\/\/images.decimas.com\/uploads\/2021\/03\/jose.png?auto=format%2Ccompress&ixlib=php-3.3.0","contentUrl":"https:\/\/images.decimas.com\/uploads\/2021\/03\/jose.png?auto=format%2Ccompress&ixlib=php-3.3.0","width":1080,"height":718},{"@type":"BreadcrumbList","@id":"https:\/\/www.decimas.com\/blog\/fr\/entraineur-jose-segura-romero\/#breadcrumb","itemListElement":[{"@type":"ListItem","position":1,"name":"Blog","item":"https:\/\/www.decimas.com\/blog\/fr\/home\/"},{"@type":"ListItem","position":2,"name":"Entra\u00eeneur Jose Segura Romero"}]},{"@type":"WebSite","@id":"https:\/\/www.decimas.com\/blog\/fr\/#website","url":"https:\/\/www.decimas.com\/blog\/fr\/","name":"Blog de fitness y moda deportiva D\u00e9cimas","description":"Blog de fitness y moda deportiva de D\u00e9cimas","publisher":{"@id":"https:\/\/www.decimas.com\/blog\/fr\/#organization"},"alternateName":"Blog de fitness y moda deportiva D\u00e9cimas","potentialAction":[{"@type":"SearchAction","target":{"@type":"EntryPoint","urlTemplate":"https:\/\/www.decimas.com\/blog\/fr\/?s={search_term_string}"},"query-input":{"@type":"PropertyValueSpecification","valueRequired":true,"valueName":"search_term_string"}}],"inLanguage":"fr-FR"},{"@type":"Organization","@id":"https:\/\/www.decimas.com\/blog\/fr\/#organization","name":"Blog de fitness y moda deportiva D\u00e9cimas","alternateName":"Blog de fitness y moda deportiva D\u00e9cimas","url":"https:\/\/www.decimas.com\/blog\/fr\/","logo":{"@type":"ImageObject","inLanguage":"fr-FR","@id":"https:\/\/www.decimas.com\/blog\/fr\/#\/schema\/logo\/image\/","url":"https:\/\/images.decimas.com\/uploads\/2019\/03\/decimaslogo.png?auto=format%2Ccompress&ixlib=php-3.3.0","contentUrl":"https:\/\/images.decimas.com\/uploads\/2019\/03\/decimaslogo.png?auto=format%2Ccompress&ixlib=php-3.3.0","width":178,"height":49,"caption":"Blog de fitness y moda deportiva D\u00e9cimas"},"image":{"@id":"https:\/\/www.decimas.com\/blog\/fr\/#\/schema\/logo\/image\/"},"sameAs":["https:\/\/m.facebook.com\/DecimasOficial","https:\/\/x.com\/decimasoficial","https:\/\/www.instagram.com\/decimas_es\/"]}]}},"_links":{"self":[{"href":"https:\/\/www.decimas.com\/blog\/fr\/wp-json\/wp\/v2\/pages\/6724","targetHints":{"allow":["GET"]}}],"collection":[{"href":"https:\/\/www.decimas.com\/blog\/fr\/wp-json\/wp\/v2\/pages"}],"about":[{"href":"https:\/\/www.decimas.com\/blog\/fr\/wp-json\/wp\/v2\/types\/page"}],"author":[{"embeddable":true,"href":"https:\/\/www.decimas.com\/blog\/fr\/wp-json\/wp\/v2\/users\/6"}],"replies":[{"embeddable":true,"href":"https:\/\/www.decimas.com\/blog\/fr\/wp-json\/wp\/v2\/comments?post=6724"}],"version-history":[{"count":2,"href":"https:\/\/www.decimas.com\/blog\/fr\/wp-json\/wp\/v2\/pages\/6724\/revisions"}],"predecessor-version":[{"id":6728,"href":"https:\/\/www.decimas.com\/blog\/fr\/wp-json\/wp\/v2\/pages\/6724\/revisions\/6728"}],"wp:featuredmedia":[{"embeddable":true,"href":"https:\/\/www.decimas.com\/blog\/fr\/wp-json\/wp\/v2\/media\/6634"}],"wp:attachment":[{"href":"https:\/\/www.decimas.com\/blog\/fr\/wp-json\/wp\/v2\/media?parent=6724"}],"curies":[{"name":"wp","href":"https:\/\/api.w.org\/{rel}","templated":true}]}}